{"id":2,"date":"2011-03-17T16:29:58","date_gmt":"2011-03-17T16:29:58","guid":{"rendered":"http:\/\/williamabrahamsen.dk\/?page_id=2"},"modified":"2026-01-06T12:08:51","modified_gmt":"2026-01-06T12:08:51","slug":"sample-page","status":"publish","type":"page","link":"http:\/\/williamabrahamsen.dk\/","title":{"rendered":"Who!"},"content":{"rendered":"<p>Professionel Kreativ Producent &#8211; fra ide til eksekvering<\/p>\n<p>Jeg har i over 15 \u00e5r arbejdet med at finde p\u00e5, konceptuere, projektere og eksekvere i den kreative branche. Prim\u00e6rt har jeg lavet TV, men har arbejdet med festivaler, teater, udstillinger, podcast og radio, s\u00e5 har et bredt kendskab til det danske medie og kulturlandskab.<\/p>\n<p>Det betyder at jeg er god til at skabe et univers for dit brand, og finde p\u00e5 alle de forskellige outputs der skal v\u00e6re, planl\u00e6gge dem inden for en \u00f8konomi og f\u00e5 det i m\u00e5l til tiden.<\/p>\n<p>Men hvad kan jeg hyres til konkret?<\/p>\n<p><strong><em>Ideer og koncepter<\/em><\/strong><\/p>\n<p>Som udviklingskonsulent kan jeg hyres til at v\u00e6re<\/p>\n<ol>\n<li>Udviklingshj\u00e6lp, en ekstra hjerne i lokalet &#8211; konsulent ydelse hvor jeg deltager i eller faciliterer udviklingssessions.<\/li>\n<li>Konceptudvikling, hj\u00e6lp os med en opgave &#8211; konsulentydelse hvor jeg l\u00f8ser en konceptudviklingsopgave for jer, det kan v\u00e6re en brand identitet, en ny festivaloplevelse eller et v\u00e6rdis\u00e6t for firmaet.<\/li>\n<\/ol>\n<p><em><strong>Projektleder eller Producent<\/strong><\/em><\/p>\n<p>Som projektleder eller producent kan jeg hyres til at<\/p>\n<ol>\n<li>komme ind fra sidelineinjen, lave en vurdering af projektets tilstand og f\u00e5 projektet fra a til b med en sikker rolig h\u00e5nd.<\/li>\n<li>udvikle og\/eller inds\u00e6lge et projekt, samt v\u00e6re eksekverende fra start til slut.<\/li>\n<li>v\u00e6re sparringspartner for nuv\u00e6rende projektleder som en konsulentydelse.<\/li>\n<\/ol>\n<p><strong><em>Tanker og holdninger!<\/em><\/strong><\/p>\n<p>Jeg udtaler mig gerne om ting inden for min faglighed og inden for mine interessefelter som d\u00e6kker alt fra popkulturelle f\u00e6nomener til ting som ligger inden for oplevelses\u00f8konomiens omr\u00e5der og s\u00e5 lidt mere til.<\/p>\n<p>Udtalelser, medvirken i programmer eller opl\u00e6g vurderes fra opgave til opgave.<\/p>\n","protected":false},"excerpt":{"rendered":"<p>Professionel Kreativ Producent &#8211; fra ide til eksekvering Jeg har i over 15 \u00e5r arbejdet med at finde p\u00e5, konceptuere, projektere og eksekvere i den kreative branche. Prim\u00e6rt har jeg lavet TV, men har arbejdet med festivaler, teater, udstillinger, podcast og radio, s\u00e5 har et bredt kendskab til det danske medie og kulturlandskab. Det betyder &hellip; <\/p>\n<p class=\"link-more\"><a href=\"http:\/\/williamabrahamsen.dk\/\" class=\"more-link\">Continue reading<span class=\"screen-reader-text\"> &#8220;Who!&#8221;<\/span><\/a><\/p>\n","protected":false},"author":1,"featured_media":0,"parent":0,"menu_order":0,"comment_status":"open","ping_status":"closed","template":"","meta":{"footnotes":""},"class_list":["post-2","page","type-page","status-publish","hentry"],"_links":{"self":[{"href":"http:\/\/williamabrahamsen.dk\/index.php?rest_route=\/wp\/v2\/pages\/2","targetHints":{"allow":["GET"]}}],"collection":[{"href":"http:\/\/williamabrahamsen.dk\/index.php?rest_route=\/wp\/v2\/pages"}],"about":[{"href":"http:\/\/williamabrahamsen.dk\/index.php?rest_route=\/wp\/v2\/types\/page"}],"author":[{"embeddable":true,"href":"http:\/\/williamabrahamsen.dk\/index.php?rest_route=\/wp\/v2\/users\/1"}],"replies":[{"embeddable":true,"href":"http:\/\/williamabrahamsen.dk\/index.php?rest_route=%2Fwp%2Fv2%2Fcomments&post=2"}],"version-history":[{"count":72,"href":"http:\/\/williamabrahamsen.dk\/index.php?rest_route=\/wp\/v2\/pages\/2\/revisions"}],"predecessor-version":[{"id":278,"href":"http:\/\/williamabrahamsen.dk\/index.php?rest_route=\/wp\/v2\/pages\/2\/revisions\/278"}],"wp:attachment":[{"href":"http:\/\/williamabrahamsen.dk\/index.php?rest_route=%2Fwp%2Fv2%2Fmedia&parent=2"}],"curies":[{"name":"wp","href":"https:\/\/api.w.org\/{rel}","templated":true}]}}